{"id":10021,"date":"2022-02-22T22:57:37","date_gmt":"2022-02-22T21:57:37","guid":{"rendered":"https:\/\/www.vonameland.de\/?page_id=10021"},"modified":"2025-10-24T09:39:39","modified_gmt":"2025-10-24T07:39:39","slug":"die-ferienfreizeit-unser-sommertraum","status":"publish","type":"page","link":"https:\/\/www.vonameland.de\/index.php\/die-ferienfreizeit-unser-sommertraum\/","title":{"rendered":"Die Ferienfreizeit Ameland"},"content":{"rendered":"\n<p>Es erwarten euch 15 aufregende und ereignisreiche Tage auf der niederl\u00e4ndischen Insel Ameland mit Spiel, Spa\u00df und einer Menge toller Erinnerungen!<\/p>\n\n\n\n<p>Wenn Sie Ihr Kind bei uns anmelden, sind folgende Leistungen enthalten, sodass Ihr Kind lediglich ein kleines Taschengeld ben\u00f6tigt:&nbsp;<\/p>\n\n\n\n<ul class=\"wp-block-list\">\n<li>Hin- und R\u00fcckreise mit einem Reisebus<\/li>\n\n\n\n<li>F\u00e4hrtransfer Hin- und R\u00fcckweg Holwerd-Ameland mit&nbsp;<a rel=\"noreferrer noopener\" href=\"https:\/\/www.wpd.nl\/de\" target=\"_blank\">Wagenborg Passagiersdiensten<\/a><\/li>\n\n\n\n<li>15 Tage all inclusive Urlaub im\u00a0<a href=\"https:\/\/www.vonameland.de\/index.php\/unsere-unterkunft\/\">Vakantiehuis \u201at Arendsnest<\/a>\u00a0in Buren auf der Nordseeinsel Ameland<\/li>\n\n\n\n<li>Vollverpflegung: T\u00e4glich frisch zubereitete Mahlzeiten unserer&nbsp;K\u00fcchenfeen und Cookiemonster&nbsp;&nbsp;(Fr\u00fchst\u00fcck, Mittagessen, Abendessen und diverse Snacks zwischendurch)<\/li>\n\n\n\n<li>Abwechslungsreiches Unterhaltungsprogramm&nbsp;durch ein geschultes&nbsp;Betreuerteam<\/li>\n\n\n\n<li>T-Shirt und Armband mit dem Motto der Fahrt f\u00fcr jeden Teilnehmenden<\/li>\n\n\n\n<li>Regelm\u00e4\u00dfige&nbsp;Blogbeitr\u00e4ge \u00fcber die Erlebnisse der Teilnehmenden<\/li>\n\n\n\n<li><a href=\"https:\/\/www.vonameland.de\/index.php\/radio-ameland-radiogruesse\/\">Radio Ameland<\/a>: Hier h\u00f6ren die Kinder Gr\u00fc\u00dfe aus der Heimat<\/li>\n\n\n\n<li>Fotosammlung im Anschluss der Ferienfreizeit<\/li>\n<\/ul>\n\n\n\n<p><strong>Preis<\/strong>: 480 \u20ac (plus 30 \u20ac Taschengeld)<\/p>\n\n\n\n<p>Haben Sie noch Fragen? Dann wenden Sie sich \u00fcber das&nbsp;<a rel=\"noreferrer noopener\" href=\"https:\/\/www.vonameland.de\/index.php\/kontakt-zur-lagerleitung\/\" data-type=\"URL\" data-id=\"https:\/\/www.vonameland.de\/index.php\/kontakt-zur-lagerleitung\/\" target=\"_blank\">Kontaktformular<\/a>&nbsp;an uns &#8211; wir geben Ihnen gerne Antworten.&nbsp;<\/p>\n","protected":false},"excerpt":{"rendered":"<p>Es erwarten euch 15 aufregende und ereignisreiche Tage auf der niederl\u00e4ndischen Insel Ameland mit Spiel, Spa\u00df und einer Menge toller Erinnerungen! Wenn Sie Ihr Kind bei uns anmelden, sind folgende Leistungen enthalten, sodass Ihr Kind lediglich ein kleines Taschengeld ben\u00f6tigt:&nbsp; Preis: 480 \u20ac (plus 30 \u20ac Taschengeld) Haben Sie noch Fragen? Dann wenden Sie sich [&hellip;]<\/p>\n","protected":false},"author":3,"featured_media":0,"parent":0,"menu_order":0,"comment_status":"closed","ping_status":"closed","template":"","meta":{"ngg_post_thumbnail":0,"footnotes":""},"class_list":["post-10021","page","type-page","status-publish","czr-hentry"],"_links":{"self":[{"href":"https:\/\/www.vonameland.de\/index.php\/wp-json\/wp\/v2\/pages\/10021","targetHints":{"allow":["GET"]}}],"collection":[{"href":"https:\/\/www.vonameland.de\/index.php\/wp-json\/wp\/v2\/pages"}],"about":[{"href":"https:\/\/www.vonameland.de\/index.php\/wp-json\/wp\/v2\/types\/page"}],"author":[{"embeddable":true,"href":"https:\/\/www.vonameland.de\/index.php\/wp-json\/wp\/v2\/users\/3"}],"replies":[{"embeddable":true,"href":"https:\/\/www.vonameland.de\/index.php\/wp-json\/wp\/v2\/comments?post=10021"}],"version-history":[{"count":4,"href":"https:\/\/www.vonameland.de\/index.php\/wp-json\/wp\/v2\/pages\/10021\/revisions"}],"predecessor-version":[{"id":12749,"href":"https:\/\/www.vonameland.de\/index.php\/wp-json\/wp\/v2\/pages\/10021\/revisions\/12749"}],"wp:attachment":[{"href":"https:\/\/www.vonameland.de\/index.php\/wp-json\/wp\/v2\/media?parent=10021"}],"curies":[{"name":"wp","href":"https:\/\/api.w.org\/{rel}","templated":true}]}}