{"id":10232,"date":"2022-07-08T17:52:54","date_gmt":"2022-07-08T15:52:54","guid":{"rendered":"https:\/\/www.vonameland.de\/?page_id=10232"},"modified":"2025-08-17T11:50:14","modified_gmt":"2025-08-17T09:50:14","slug":"sponsoren","status":"publish","type":"page","link":"https:\/\/www.vonameland.de\/index.php\/die-ferienfreizeit-unser-sommertraum\/sponsoren\/","title":{"rendered":"Sponsoren"},"content":{"rendered":"\n<p>W\u00e4hrend der Ferienfreizeit ist es uns ein gro\u00dfes Anliegen, durch Spiel und Sport das Gemeinschaftsgef\u00fchl zu st\u00e4rken, die Kreativit\u00e4t zu f\u00f6rdern und auch die Pers\u00f6nlichkeitsentwicklung der Teilnehmenden zu unterst\u00fctzen. Dazu gilt es ein&nbsp;<strong>abwechslungsreiches und spannendes sowie lehrreiches Programm f\u00fcr die Kinder<\/strong>&nbsp;zu erarbeiten: Verschiedenste Spiele und Shows in der gesamten Gruppe, Fahrradtouren, Gottesdienste, Zeit zur freien Verf\u00fcgung und einige Highlights wie eine Wattwanderung und die geliebte Treckerfahrt mit Lagerfeuer am Strand.<\/p>\n\n\n\n<p><strong>Um dies zu erm\u00f6glichen<\/strong>, weiterhin besondere Highlights im Programm zu integrieren und vor allem den&nbsp;<strong>Teilnehmerbeitrag f\u00fcr die Familien m\u00f6glichst gering halten zu k\u00f6nnen<\/strong>, sind wir auf&nbsp;<strong>Ihre Mithilfe<\/strong>&nbsp;angewiesen.&nbsp;<\/p>\n\n\n\n<p><strong>Wir freuen uns \u00fcber jede Art der Unterst\u00fctzung. Ein herzliches Dankesch\u00f6n an all unsere Sponsoren!<\/strong><\/p>\n\n\n\n<p>Wir haben nun Ihr Interesse geweckt und Sie m\u00f6chten uns auch unterst\u00fctzen? Kommen Sie gerne auf uns zu!<\/p>\n\n\n\n<p>Sie m\u00f6chten uns im Kleinen unterst\u00fctzen? Dann werfen Sie einen Blick auf unsere <a href=\"https:\/\/www.amazon.de\/hz\/wishlist\/ls\/2DALY4S84FBRI?ref_=wl_share\">Amazon Wunschliste<\/a> &#8211; neue Stifte, Scheren und Co k\u00f6nnen wir immer gut gebrauchen! <\/p>\n\n\n\n<p class=\"has-text-align-left\"><strong>Ansprechpartnerinnen<\/strong><\/p>\n\n\n\n<div class=\"wp-block-columns is-layout-flex wp-container-core-columns-is-layout-9d6595d7 wp-block-columns-is-layout-flex\">\n<div class=\"wp-block-column is-layout-flow wp-block-column-is-layout-flow\">\n<p>Paula Bechheim<br><a href=\"paula@vonameland.de\">paula@vonameland.de<\/a><\/p>\n<\/div>\n\n\n\n<div class=\"wp-block-column is-layout-flow wp-block-column-is-layout-flow\">\n<p>Kathi Rinke<br><a href=\"mailto:kathi@vonameland.de\">kathi@vonameland.de<\/a><\/p>\n<\/div>\n<\/div>\n\n\n\n<div class=\"wp-block-columns is-layout-flex wp-container-core-columns-is-layout-9d6595d7 wp-block-columns-is-layout-flex\">\n<div class=\"wp-block-column is-layout-flow wp-block-column-is-layout-flow\">\n<p><strong>Wir sagen herzlichen Dank an all unsere Unterst\u00fctzer und Sponsoren: <\/strong><\/p>\n\n\n\n<figure class=\"wp-block-image size-large\"><img loading=\"lazy\" decoding=\"async\" width=\"1024\" height=\"724\" src=\"https:\/\/www.vonameland.de\/wp-content\/uploads\/2025\/08\/Fireplace-1024x724.jpeg\" alt=\"\" class=\"wp-image-12678\" srcset=\"https:\/\/www.vonameland.de\/wp-content\/uploads\/2025\/08\/Fireplace-1024x724.jpeg 1024w, https:\/\/www.vonameland.de\/wp-content\/uploads\/2025\/08\/Fireplace-300x212.jpeg 300w, https:\/\/www.vonameland.de\/wp-content\/uploads\/2025\/08\/Fireplace-768x543.jpeg 768w, https:\/\/www.vonameland.de\/wp-content\/uploads\/2025\/08\/Fireplace-570x403.jpeg 570w, https:\/\/www.vonameland.de\/wp-content\/uploads\/2025\/08\/Fireplace.jpeg 1200w\" sizes=\"auto, (max-width: 1024px) 100vw, 1024px\" \/><\/figure>\n\n\n\n<figure class=\"wp-block-image size-large\"><img loading=\"lazy\" decoding=\"async\" width=\"658\" height=\"1024\" src=\"https:\/\/www.vonameland.de\/wp-content\/uploads\/2025\/07\/Elena-Menze-Print-Anzeige-Motiv-Pferdi-Luftballon-55142-144404-jpg-658x1024.jpg\" alt=\"\" class=\"wp-image-12371\" srcset=\"https:\/\/www.vonameland.de\/wp-content\/uploads\/2025\/07\/Elena-Menze-Print-Anzeige-Motiv-Pferdi-Luftballon-55142-144404-jpg-658x1024.jpg 658w, https:\/\/www.vonameland.de\/wp-content\/uploads\/2025\/07\/Elena-Menze-Print-Anzeige-Motiv-Pferdi-Luftballon-55142-144404-jpg-193x300.jpg 193w, https:\/\/www.vonameland.de\/wp-content\/uploads\/2025\/07\/Elena-Menze-Print-Anzeige-Motiv-Pferdi-Luftballon-55142-144404-jpg-768x1195.jpg 768w, https:\/\/www.vonameland.de\/wp-content\/uploads\/2025\/07\/Elena-Menze-Print-Anzeige-Motiv-Pferdi-Luftballon-55142-144404-jpg-570x887.jpg 570w, https:\/\/www.vonameland.de\/wp-content\/uploads\/2025\/07\/Elena-Menze-Print-Anzeige-Motiv-Pferdi-Luftballon-55142-144404-jpg.jpg 771w\" sizes=\"auto, (max-width: 658px) 100vw, 658px\" \/><\/figure>\n\n\n<div class=\"wp-block-image\">\n<figure class=\"aligncenter size-full is-resized\"><img loading=\"lazy\" decoding=\"async\" width=\"854\" height=\"722\" src=\"https:\/\/www.vonameland.de\/wp-content\/uploads\/2024\/01\/wilke_logoCMYK.jpg\" alt=\"\" class=\"wp-image-11601\" style=\"width:284px;height:auto\" srcset=\"https:\/\/www.vonameland.de\/wp-content\/uploads\/2024\/01\/wilke_logoCMYK.jpg 854w, https:\/\/www.vonameland.de\/wp-content\/uploads\/2024\/01\/wilke_logoCMYK-300x254.jpg 300w, https:\/\/www.vonameland.de\/wp-content\/uploads\/2024\/01\/wilke_logoCMYK-768x649.jpg 768w, https:\/\/www.vonameland.de\/wp-content\/uploads\/2024\/01\/wilke_logoCMYK-570x482.jpg 570w\" sizes=\"auto, (max-width: 854px) 100vw, 854px\" \/><\/figure>\n<\/div>\n\n\n<figure class=\"wp-block-image size-full\"><img loading=\"lazy\" decoding=\"async\" width=\"283\" height=\"268\" src=\"https:\/\/www.vonameland.de\/wp-content\/uploads\/2024\/06\/Logo-Lions.jpg\" alt=\"\" class=\"wp-image-11797\"\/><\/figure>\n<\/div>\n\n\n\n<div class=\"wp-block-column is-layout-flow wp-block-column-is-layout-flow\">\n<figure class=\"wp-block-image size-large\"><img loading=\"lazy\" decoding=\"async\" width=\"1024\" height=\"326\" src=\"https:\/\/www.vonameland.de\/wp-content\/uploads\/2025\/07\/Dudek-Logo-1024x326.png\" alt=\"\" class=\"wp-image-12376\" srcset=\"https:\/\/www.vonameland.de\/wp-content\/uploads\/2025\/07\/Dudek-Logo-1024x326.png 1024w, https:\/\/www.vonameland.de\/wp-content\/uploads\/2025\/07\/Dudek-Logo-300x96.png 300w, https:\/\/www.vonameland.de\/wp-content\/uploads\/2025\/07\/Dudek-Logo-768x244.png 768w, https:\/\/www.vonameland.de\/wp-content\/uploads\/2025\/07\/Dudek-Logo-570x181.png 570w, https:\/\/www.vonameland.de\/wp-content\/uploads\/2025\/07\/Dudek-Logo.png 1200w\" sizes=\"auto, (max-width: 1024px) 100vw, 1024px\" \/><\/figure>\n\n\n\n<figure class=\"wp-block-image size-full\"><img loading=\"lazy\" decoding=\"async\" width=\"472\" height=\"149\" src=\"https:\/\/www.vonameland.de\/wp-content\/uploads\/2024\/06\/Logo_c.jpg\" alt=\"\" class=\"wp-image-11781\" srcset=\"https:\/\/www.vonameland.de\/wp-content\/uploads\/2024\/06\/Logo_c.jpg 472w, https:\/\/www.vonameland.de\/wp-content\/uploads\/2024\/06\/Logo_c-300x95.jpg 300w\" sizes=\"auto, (max-width: 472px) 100vw, 472px\" \/><\/figure>\n\n\n\n<figure class=\"wp-block-image size-large\"><img loading=\"lazy\" decoding=\"async\" width=\"1024\" height=\"229\" src=\"https:\/\/www.vonameland.de\/wp-content\/uploads\/2025\/06\/Taschenfreund-JPG-1024x229.jpg\" alt=\"\" class=\"wp-image-12338\" srcset=\"https:\/\/www.vonameland.de\/wp-content\/uploads\/2025\/06\/Taschenfreund-JPG-1024x229.jpg 1024w, https:\/\/www.vonameland.de\/wp-content\/uploads\/2025\/06\/Taschenfreund-JPG-300x67.jpg 300w, https:\/\/www.vonameland.de\/wp-content\/uploads\/2025\/06\/Taschenfreund-JPG-768x172.jpg 768w, https:\/\/www.vonameland.de\/wp-content\/uploads\/2025\/06\/Taschenfreund-JPG-570x127.jpg 570w, https:\/\/www.vonameland.de\/wp-content\/uploads\/2025\/06\/Taschenfreund-JPG.jpg 1200w\" sizes=\"auto, (max-width: 1024px) 100vw, 1024px\" \/><\/figure>\n\n\n\n<figure class=\"wp-block-image size-full\"><img loading=\"lazy\" decoding=\"async\" width=\"640\" height=\"452\" src=\"https:\/\/www.vonameland.de\/wp-content\/uploads\/2024\/07\/Logo_TheoTuetenlos_Ring_Claim.jpeg\" alt=\"\" class=\"wp-image-11860\" srcset=\"https:\/\/www.vonameland.de\/wp-content\/uploads\/2024\/07\/Logo_TheoTuetenlos_Ring_Claim.jpeg 640w, https:\/\/www.vonameland.de\/wp-content\/uploads\/2024\/07\/Logo_TheoTuetenlos_Ring_Claim-300x212.jpeg 300w, https:\/\/www.vonameland.de\/wp-content\/uploads\/2024\/07\/Logo_TheoTuetenlos_Ring_Claim-570x403.jpeg 570w\" sizes=\"auto, (max-width: 640px) 100vw, 640px\" \/><\/figure>\n\n\n<div class=\"wp-block-image\">\n<figure class=\"aligncenter size-large is-resized\"><img loading=\"lazy\" decoding=\"async\" width=\"1024\" height=\"450\" src=\"https:\/\/www.vonameland.de\/wp-content\/uploads\/2024\/06\/Logo_Lu-Horenkamp-1024x450.jpg\" alt=\"\" class=\"wp-image-11771\" style=\"width:364px;height:auto\" srcset=\"https:\/\/www.vonameland.de\/wp-content\/uploads\/2024\/06\/Logo_Lu-Horenkamp-1024x450.jpg 1024w, https:\/\/www.vonameland.de\/wp-content\/uploads\/2024\/06\/Logo_Lu-Horenkamp-300x132.jpg 300w, https:\/\/www.vonameland.de\/wp-content\/uploads\/2024\/06\/Logo_Lu-Horenkamp-768x337.jpg 768w, https:\/\/www.vonameland.de\/wp-content\/uploads\/2024\/06\/Logo_Lu-Horenkamp-570x250.jpg 570w, https:\/\/www.vonameland.de\/wp-content\/uploads\/2024\/06\/Logo_Lu-Horenkamp.jpg 1200w\" sizes=\"auto, (max-width: 1024px) 100vw, 1024px\" \/><\/figure>\n<\/div>\n\n<div class=\"wp-block-image is-resized\">\n<figure class=\"aligncenter size-full\"><img loading=\"lazy\" decoding=\"async\" width=\"841\" height=\"595\" src=\"https:\/\/www.vonameland.de\/wp-content\/uploads\/2022\/07\/Muensch_Logo_png.png\" alt=\"\" class=\"wp-image-10309\" style=\"width:423px;height:auto\" srcset=\"https:\/\/www.vonameland.de\/wp-content\/uploads\/2022\/07\/Muensch_Logo_png.png 841w, https:\/\/www.vonameland.de\/wp-content\/uploads\/2022\/07\/Muensch_Logo_png-300x212.png 300w, https:\/\/www.vonameland.de\/wp-content\/uploads\/2022\/07\/Muensch_Logo_png-768x543.png 768w, https:\/\/www.vonameland.de\/wp-content\/uploads\/2022\/07\/Muensch_Logo_png-570x403.png 570w\" sizes=\"auto, (max-width: 841px) 100vw, 841px\" \/><\/figure>\n<\/div><\/div>\n<\/div>\n\n\n\n<div class=\"wp-block-columns is-layout-flex wp-container-core-columns-is-layout-9d6595d7 wp-block-columns-is-layout-flex\">\n<div class=\"wp-block-column is-layout-flow wp-block-column-is-layout-flow\"><\/div>\n\n\n\n<div class=\"wp-block-column is-layout-flow wp-block-column-is-layout-flow\"><\/div>\n<\/div>\n\n\n\n<div class=\"wp-block-columns is-layout-flex wp-container-core-columns-is-layout-9d6595d7 wp-block-columns-is-layout-flex\">\n<div class=\"wp-block-column is-layout-flow wp-block-column-is-layout-flow\"><\/div>\n\n\n\n<div class=\"wp-block-column is-layout-flow wp-block-column-is-layout-flow\"><\/div>\n<\/div>\n\n\n\n<div class=\"wp-block-columns is-layout-flex wp-container-core-columns-is-layout-9d6595d7 wp-block-columns-is-layout-flex\">\n<div class=\"wp-block-column is-layout-flow wp-block-column-is-layout-flow\"><\/div>\n<\/div>\n\n\n\n<div class=\"wp-block-columns is-layout-flex wp-container-core-columns-is-layout-9d6595d7 wp-block-columns-is-layout-flex\">\n<div class=\"wp-block-column is-layout-flow wp-block-column-is-layout-flow\"><\/div>\n\n\n\n<div class=\"wp-block-column is-layout-flow wp-block-column-is-layout-flow\"><\/div>\n<\/div>\n","protected":false},"excerpt":{"rendered":"<p>W\u00e4hrend der Ferienfreizeit ist es uns ein gro\u00dfes Anliegen, durch Spiel und Sport das Gemeinschaftsgef\u00fchl zu st\u00e4rken, die Kreativit\u00e4t zu f\u00f6rdern und auch die Pers\u00f6nlichkeitsentwicklung der Teilnehmenden zu unterst\u00fctzen. Dazu gilt es ein&nbsp;abwechslungsreiches und spannendes sowie lehrreiches Programm f\u00fcr die Kinder&nbsp;zu erarbeiten: Verschiedenste Spiele und Shows in der gesamten Gruppe, Fahrradtouren, Gottesdienste, Zeit zur freien [&hellip;]<\/p>\n","protected":false},"author":3,"featured_media":11705,"parent":10021,"menu_order":0,"comment_status":"closed","ping_status":"closed","template":"","meta":{"ngg_post_thumbnail":0,"footnotes":""},"class_list":["post-10232","page","type-page","status-publish","has-post-thumbnail","czr-hentry"],"_links":{"self":[{"href":"https:\/\/www.vonameland.de\/index.php\/wp-json\/wp\/v2\/pages\/10232","targetHints":{"allow":["GET"]}}],"collection":[{"href":"https:\/\/www.vonameland.de\/index.php\/wp-json\/wp\/v2\/pages"}],"about":[{"href":"https:\/\/www.vonameland.de\/index.php\/wp-json\/wp\/v2\/types\/page"}],"author":[{"embeddable":true,"href":"https:\/\/www.vonameland.de\/index.php\/wp-json\/wp\/v2\/users\/3"}],"replies":[{"embeddable":true,"href":"https:\/\/www.vonameland.de\/index.php\/wp-json\/wp\/v2\/comments?post=10232"}],"version-history":[{"count":32,"href":"https:\/\/www.vonameland.de\/index.php\/wp-json\/wp\/v2\/pages\/10232\/revisions"}],"predecessor-version":[{"id":12679,"href":"https:\/\/www.vonameland.de\/index.php\/wp-json\/wp\/v2\/pages\/10232\/revisions\/12679"}],"up":[{"embeddable":true,"href":"https:\/\/www.vonameland.de\/index.php\/wp-json\/wp\/v2\/pages\/10021"}],"wp:featuredmedia":[{"embeddable":true,"href":"https:\/\/www.vonameland.de\/index.php\/wp-json\/wp\/v2\/media\/11705"}],"wp:attachment":[{"href":"https:\/\/www.vonameland.de\/index.php\/wp-json\/wp\/v2\/media?parent=10232"}],"curies":[{"name":"wp","href":"https:\/\/api.w.org\/{rel}","templated":true}]}}