{"id":10881,"date":"2022-12-11T09:56:22","date_gmt":"2022-12-11T08:56:22","guid":{"rendered":"https:\/\/www.vonameland.de\/?page_id=10881"},"modified":"2026-01-16T11:29:50","modified_gmt":"2026-01-16T10:29:50","slug":"ameland-2024","status":"publish","type":"page","link":"https:\/\/www.vonameland.de\/index.php\/ameland-2024\/","title":{"rendered":"Ameland 2026 &#8211; auf einen Blick"},"content":{"rendered":"\n<p>F\u00fcr Teilnehmende und Eltern &#8211; hier findet ihr alle wichtigen Termine und Dokumente zur kommenden Ferienfreizeit vom 01. bis 15. August 2026!<\/p>\n\n\n\n<p class=\"has-text-align-center has-black-color has-text-color has-link-color wp-elements-d293effa27a92eaf2e0fcc8571308f56\"><strong>02. November<\/strong> <strong>Nachtreffen 2025 + Anmeldung 2026<\/strong><br>Walburgahaus Werl <br>10-11 Uhr Nachtreffen mit R\u00fcckblick auf den Sommer f\u00fcr die Teilnehmenden + Familie<br>ab 11 Uhr Anmeldung f\u00fcr die Ferienfreizeit Ameland 2026 vor Ort <a href=\"https:\/\/www.vonameland.de\/index.php\/anmeldung-ameland\/\" data-type=\"link\" data-id=\"https:\/\/www.vonameland.de\/index.php\/anmeldung-ameland\/\">online<\/a><\/p>\n\n\n\n<p class=\"has-text-align-center has-luminous-vivid-orange-color has-text-color has-link-color has-medium-font-size wp-elements-f9a0cfa0ab0cbd31ee943d77d52be020\"><strong><mark style=\"background-color:rgba(0, 0, 0, 0)\" class=\"has-inline-color has-luminous-vivid-orange-color\">Ameland 2026<br>Samstag 01.08.2026 bis Samstag, 15.08.2026<br>NRW Ferienwoche 3 &amp; 4<\/mark><\/strong><br><strong>480 \u20ac (+ 30 \u20ac Taschengeld<\/strong>)<\/p>\n\n\n\n<p class=\"has-text-align-center\">Alle Infos zu unserem Leistungsumfang und zum Programm findet ihr unter dem Men\u00fcpunkt &#8222;Die Ferienfreizeit Ameland&#8220;.<\/p>\n\n\n\n<h3 class=\"wp-block-heading\">Termin\u00fcbersicht<\/h3>\n\n\n\n<p><strong>07. 05.2026 Elterninfoabend<\/strong><br>19-20 Uhr Walburgahaus Werl<br>Infoabend zur Ferienfreizeit Ameland Werl, dem Team Orange, Ablauf, Termine und Unterlagen<\/p>\n\n\n\n<p><strong>14.06.2026 Vortreffen der Kinder <\/strong>(+ kurze Elterninfo)<br>10-11 Uhr im Walburgahaus Werl (bei gutem Wetter im Garten)<br>Kennenlernen der Teilnehmenden sowie Sammlung der Zimmerw\u00fcnsche und ein <a href=\"https:\/\/www.vonameland.de\/wp-content\/uploads\/2025\/06\/Countdown-2025.pdf\" data-type=\"attachment\" data-id=\"12314\">Countdown<\/a> f\u00fcr Zuhause!<\/p>\n\n\n\n<p><strong>xx.xx<\/strong> <strong>Kofferabgabe<\/strong><br>ca. 17:30 &#8211; 19:30 Uhr Kofferabgabe + Unterlagen-Check + Kuchenspenden<br>Ort: neues Lager &#8211; Infos folgen, 59457 Werl<br>Wir stehen f\u00fcr euch bereit und nehmen eure Koffer und Unterlagen entgegen. Habt ihr alles dabei? Checkt vorher nochmal die <a href=\"https:\/\/www.vonameland.de\/wp-content\/uploads\/2025\/06\/Packliste-Kinder-2025.pdf\" data-type=\"attachment\" data-id=\"12315\">Packliste<\/a>!<\/p>\n\n\n\n<p><strong>01. August<\/strong> <strong>Busreise nach Ameland<\/strong><br>08:30 Uhr Treffen an der Wickeder Stra\u00dfe 2, 59457 Werl<br>09:00 Uhr Abfahrt <br>Anmeldung, Gruppenfoto, Verabschiedung &#8211; es geht los!<\/p>\n\n\n\n<p><strong>15. August<\/strong> <strong>R\u00fcckfahrt nach Werl<\/strong><br>Ankunft gegen Nachmittag &#8211; genaue Ankunftszeit wird \u00fcber Instagram und die Website stetig aktualisiert<br><br><strong>xx.xx<\/strong> <strong>Team Orange Cocktailstand &#8211; Moonlightshopping<\/strong><br>Save the date: Wir freuen uns \u00fcber euren Besuch am Stand bei Wieschebrocks im Innenhof! Weitere Infos folgen auf einem separaten Blogpost.<\/p>\n\n\n\n<p><strong>08.11.2026<\/strong> <strong>Nachtreffen 2026 + Anmeldung 2027<\/strong><br>Walburgahaus Werl <br>10-11 Uhr Nachtreffen mit R\u00fcckblick auf den Sommer<br>ab 11 Uhr Anmeldung Ferienfreizeit Ameland 2027<\/p>\n\n\n\n<h3 class=\"wp-block-heading\">Dokumente, Links &amp; Infos zur Ferienfreizeit<\/h3>\n\n\n\n<p>Ihr findet auf den Unterseiten der Website alle Informationen zur Ferienfreizeit, unseren Leistungen sowie der Unterkunft. \u00dcber unseren Blog auf der Startseite findet ihr unsere Tagesberichte von den Ameland-Jahren sowie aktuelle Ank\u00fcndigungen und ausf\u00fchrliche Infos zu anstehenden Terminen. <br>Au\u00dferdem k\u00f6nnt ihr uns auf Instagram folgen. Dort nehmen wir euch w\u00e4hrend der Ferienfreizeit und bei den Vorbereitungen mit &#8211; aktiviert die Glocke, dann verpasst ihr nichts! Dort k\u00fcndigen wir ebenfalls Termine und wichtige Infos an, die ihr ausf\u00fchrlich auf der Website nachlesen k\u00f6nnt.<\/p>\n\n\n\n<p>Die folgenden Dokumente werden noch im Laufe des Jahres aktualisiert und ver\u00f6ffentlicht:<\/p>\n\n\n\n<p><strong><a href=\"https:\/\/www.vonameland.de\/wp-content\/uploads\/2025\/06\/Countdown-2025.pdf\" data-type=\"attachment\" data-id=\"12314\">Ameland Countdown<\/a><\/strong><br>Unser ganz pers\u00f6nlicher Ameland Countdown zum Abhaken und Aufh\u00e4ngen im Zimmer oder f\u00fcr den K\u00fchlschrank. Hier findet ihr den Ameland Countdown 2025 nochmal zum Downloaden und Ausdrucken.<\/p>\n\n\n\n<p><strong><a href=\"https:\/\/www.vonameland.de\/wp-content\/uploads\/2025\/06\/Packliste-Kinder-2025.pdf\" data-type=\"attachment\" data-id=\"12315\">Packliste<\/a><\/strong><br>Die aktuelle Packliste 2025 findet ihr im PDF-Format ebenfalls zum Download.<\/p>\n\n\n\n<p><strong>Ferienfreizeit engagiert<\/strong> &#8211; Wir geben jedes Jahr alles, damit ihr einen unvergesslichen Sommer erlebt. Die Ferienfreizeit lebt auch von eurer Unterst\u00fctzung! Wir haben einige, die uns jedes Jahr aufs neue mit Mitteln helfen. Wir freuen uns \u00fcber kleine und gro\u00dfe Spenden und Sponsoren. Weitere Informationen findet ihr unter <a href=\"https:\/\/www.vonameland.de\/index.php\/die-ferienfreizeit-unser-sommertraum\/sponsoren\/\" data-type=\"page\" data-id=\"10232\">Sponsoren Ameland<\/a> oder kleine Beitr\u00e4ge direkt auf unserer <a href=\"https:\/\/www.amazon.de\/hz\/wishlist\/ls\/2DALY4S84FBRI?ref_=wl_share\">Amazon Wunschliste<\/a>. <br>Wir sind dankbar f\u00fcr jede Art der Unterst\u00fctzung und sagen jetzt schon einmal: DANKE!<\/p>\n\n\n\n<h3 class=\"wp-block-heading\">Anmeldung<\/h3>\n\n\n\n<p>F\u00fcr einen strukturierten Anmeldeprozess sind Formalit\u00e4ten mit den verschiedensten Dokumenten notwendig. Diese Dokumente findet ihr hier aufgelistet und erhaltet ihr nach der Anmeldung mit der Anmeldebest\u00e4tigung per Post:<\/p>\n\n\n\n<p>1-2 <a href=\"https:\/\/www.vonameland.de\/wp-content\/uploads\/2022\/12\/Eltern-1-2-Allgemeine-Bedingungen-2024.pdf\" data-type=\"URL\" data-id=\"https:\/\/www.vonameland.de\/wp-content\/uploads\/2022\/12\/Eltern-1-2-Allgemeine-Bedingungen-2024.pdf\" target=\"_blank\" rel=\"noreferrer noopener\">Allgemeine Bedingungen<\/a><\/p>\n\n\n\n<p>1-3 <a href=\"https:\/\/www.vonameland.de\/wp-content\/uploads\/2022\/12\/Eltern-1-3-Datenschutzerklaerung.pdf\" data-type=\"URL\" data-id=\"https:\/\/www.vonameland.de\/wp-content\/uploads\/2022\/12\/Eltern-1-3-Datenschutzerklaerung.pdf\" target=\"_blank\" rel=\"noreferrer noopener\">Datenschutzerkl\u00e4rung<\/a><\/p>\n\n\n\n<p>1-4 <a href=\"https:\/\/www.vonameland.de\/wp-content\/uploads\/2022\/12\/Eltern-1-4-Aufsichtspflicht-Verhaltensregeln-und-weitere-Angaben-2024.pdf\" data-type=\"URL\" data-id=\"https:\/\/www.vonameland.de\/wp-content\/uploads\/2022\/12\/Eltern-1-4-Aufsichtspflicht-Verhaltensregeln-und-weitere-Angaben-2024.pdf\" target=\"_blank\" rel=\"noreferrer noopener\">Aufsichtspflicht, Verhaltensregeln und weitere Angaben<\/a><\/p>\n\n\n\n<p>1-5 <a href=\"https:\/\/www.vonameland.de\/wp-content\/uploads\/2022\/12\/Eltern-1-5-Medizinische-Versorgung.pdf\" data-type=\"URL\" data-id=\"https:\/\/www.vonameland.de\/wp-content\/uploads\/2022\/12\/Eltern-1-5-Medizinische-Versorgung.pdf\" target=\"_blank\" rel=\"noreferrer noopener\">Medizinische Versorgung<\/a><\/p>\n\n\n\n<p>1-6 <a href=\"https:\/\/www.vonameland.de\/wp-content\/uploads\/2022\/12\/Eltern-1-6-Bilder-Videos-2024.pdf\" data-type=\"URL\" data-id=\"https:\/\/www.vonameland.de\/wp-content\/uploads\/2022\/12\/Eltern-1-6-Bilder-Videos-2024.pdf\" target=\"_blank\" rel=\"noreferrer noopener\">Bilder &amp; Videos<\/a><\/p>\n\n\n\n<p><a href=\"https:\/\/www.vonameland.de\/wp-content\/uploads\/2024\/06\/EinwilligungserklaerungDS-GVO-Ecclesia.pdf\" target=\"_blank\" rel=\"noreferrer noopener\">Einwilligungserkl\u00e4rung &amp; DSGVO der Ecclesia Versicherung<\/a> &#8211; Damit die Malteser direkt mit den Versicherungen abrechnen d\u00fcrfen.<br><\/p>\n\n\n\n<p>Falls ihr R\u00fcckfragen habt, meldet euch gerne bei uns!<\/p>\n\n\n\n<p>Euer Team Orange<\/p>\n\n\n\n<p>Zu den aktuellsten Blogbeitr\u00e4gen: <\/p>\n\n\n<ul class=\"wp-block-latest-posts__list wp-block-latest-posts\"><li><a class=\"wp-block-latest-posts__post-title\" href=\"https:\/\/www.vonameland.de\/index.php\/2026\/04\/26\/elternabend-2026\/\">Elternabend 2026<\/a><\/li>\n<li><a class=\"wp-block-latest-posts__post-title\" href=\"https:\/\/www.vonameland.de\/index.php\/2026\/01\/06\/noch-freie-plaetze-fuer-die-ferienfreizeit-2026\/\">Noch freie Pl\u00e4tze f\u00fcr die Ferienfreizeit 2026<\/a><\/li>\n<li><a class=\"wp-block-latest-posts__post-title\" href=\"https:\/\/www.vonameland.de\/index.php\/2025\/10\/12\/nachtreffen-25-anmeldung-26\/\">Nachtreffen 25 + Anmeldung 26<\/a><\/li>\n<li><a class=\"wp-block-latest-posts__post-title\" href=\"https:\/\/www.vonameland.de\/index.php\/2025\/08\/15\/rueckfahrt-update-1\/\">R\u00fcckfahrt Update 2<\/a><\/li>\n<li><a class=\"wp-block-latest-posts__post-title\" href=\"https:\/\/www.vonameland.de\/index.php\/2025\/08\/15\/festivalabschluss\/\">Festivalabschluss<\/a><\/li>\n<\/ul>\n\n\n<p>Folgt uns gerne auch auf: <\/p>\n\n\n\n<ul class=\"wp-block-social-links has-large-icon-size has-icon-background-color is-style-pill-shape is-layout-flex wp-block-social-links-is-layout-flex\"><li style=\"background-color:#ff6900;\" class=\"wp-social-link wp-social-link-instagram has-luminous-vivid-orange-background-color wp-block-social-link\"><a href=\"https:\/\/www.instagram.com\/sommertraumameland.werl\/?utm_medium=copy_link\" class=\"wp-block-social-link-anchor\"><svg width=\"24\" height=\"24\" viewBox=\"0 0 24 24\" version=\"1.1\" xmlns=\"http:\/\/www.w3.org\/2000\/svg\" aria-hidden=\"true\" focusable=\"false\"><path d=\"M12,4.622c2.403,0,2.688,0.009,3.637,0.052c0.877,0.04,1.354,0.187,1.671,0.31c0.42,0.163,0.72,0.358,1.035,0.673 c0.315,0.315,0.51,0.615,0.673,1.035c0.123,0.317,0.27,0.794,0.31,1.671c0.043,0.949,0.052,1.234,0.052,3.637 s-0.009,2.688-0.052,3.637c-0.04,0.877-0.187,1.354-0.31,1.671c-0.163,0.42-0.358,0.72-0.673,1.035 c-0.315,0.315-0.615,0.51-1.035,0.673c-0.317,0.123-0.794,0.27-1.671,0.31c-0.949,0.043-1.233,0.052-3.637,0.052 s-2.688-0.009-3.637-0.052c-0.877-0.04-1.354-0.187-1.671-0.31c-0.42-0.163-0.72-0.358-1.035-0.673 c-0.315-0.315-0.51-0.615-0.673-1.035c-0.123-0.317-0.27-0.794-0.31-1.671C4.631,14.688,4.622,14.403,4.622,12 s0.009-2.688,0.052-3.637c0.04-0.877,0.187-1.354,0.31-1.671c0.163-0.42,0.358-0.72,0.673-1.035 c0.315-0.315,0.615-0.51,1.035-0.673c0.317-0.123,0.794-0.27,1.671-0.31C9.312,4.631,9.597,4.622,12,4.622 M12,3 C9.556,3,9.249,3.01,8.289,3.054C7.331,3.098,6.677,3.25,6.105,3.472C5.513,3.702,5.011,4.01,4.511,4.511 c-0.5,0.5-0.808,1.002-1.038,1.594C3.25,6.677,3.098,7.331,3.054,8.289C3.01,9.249,3,9.556,3,12c0,2.444,0.01,2.751,0.054,3.711 c0.044,0.958,0.196,1.612,0.418,2.185c0.23,0.592,0.538,1.094,1.038,1.594c0.5,0.5,1.002,0.808,1.594,1.038 c0.572,0.222,1.227,0.375,2.185,0.418C9.249,20.99,9.556,21,12,21s2.751-0.01,3.711-0.054c0.958-0.044,1.612-0.196,2.185-0.418 c0.592-0.23,1.094-0.538,1.594-1.038c0.5-0.5,0.808-1.002,1.038-1.594c0.222-0.572,0.375-1.227,0.418-2.185 C20.99,14.751,21,14.444,21,12s-0.01-2.751-0.054-3.711c-0.044-0.958-0.196-1.612-0.418-2.185c-0.23-0.592-0.538-1.094-1.038-1.594 c-0.5-0.5-1.002-0.808-1.594-1.038c-0.572-0.222-1.227-0.375-2.185-0.418C14.751,3.01,14.444,3,12,3L12,3z M12,7.378 c-2.552,0-4.622,2.069-4.622,4.622S9.448,16.622,12,16.622s4.622-2.069,4.622-4.622S14.552,7.378,12,7.378z M12,15 c-1.657,0-3-1.343-3-3s1.343-3,3-3s3,1.343,3,3S13.657,15,12,15z M16.804,6.116c-0.596,0-1.08,0.484-1.08,1.08 s0.484,1.08,1.08,1.08c0.596,0,1.08-0.484,1.08-1.08S17.401,6.116,16.804,6.116z\"><\/path><\/svg><span class=\"wp-block-social-link-label screen-reader-text\">Instagram<\/span><\/a><\/li>\n\n<li style=\"background-color:#ff6900;\" class=\"wp-social-link wp-social-link-facebook has-luminous-vivid-orange-background-color wp-block-social-link\"><a href=\"https:\/\/www.facebook.com\/Ferienfreizeit.Ameland\/\" class=\"wp-block-social-link-anchor\"><svg width=\"24\" height=\"24\" viewBox=\"0 0 24 24\" version=\"1.1\" xmlns=\"http:\/\/www.w3.org\/2000\/svg\" aria-hidden=\"true\" focusable=\"false\"><path d=\"M12 2C6.5 2 2 6.5 2 12c0 5 3.7 9.1 8.4 9.9v-7H7.9V12h2.5V9.8c0-2.5 1.5-3.9 3.8-3.9 1.1 0 2.2.2 2.2.2v2.5h-1.3c-1.2 0-1.6.8-1.6 1.6V12h2.8l-.4 2.9h-2.3v7C18.3 21.1 22 17 22 12c0-5.5-4.5-10-10-10z\"><\/path><\/svg><span class=\"wp-block-social-link-label screen-reader-text\">Facebook<\/span><\/a><\/li><\/ul>\n\n\n\n<figure class=\"wp-block-image size-large\"><img loading=\"lazy\" decoding=\"async\" width=\"724\" height=\"1024\" src=\"https:\/\/www.vonameland.de\/wp-content\/uploads\/2025\/10\/Werbeplakat-Sommertraum-2026-724x1024.jpg\" alt=\"\" class=\"wp-image-12739\" srcset=\"https:\/\/www.vonameland.de\/wp-content\/uploads\/2025\/10\/Werbeplakat-Sommertraum-2026-724x1024.jpg 724w, https:\/\/www.vonameland.de\/wp-content\/uploads\/2025\/10\/Werbeplakat-Sommertraum-2026-212x300.jpg 212w, https:\/\/www.vonameland.de\/wp-content\/uploads\/2025\/10\/Werbeplakat-Sommertraum-2026-768x1087.jpg 768w, https:\/\/www.vonameland.de\/wp-content\/uploads\/2025\/10\/Werbeplakat-Sommertraum-2026-570x807.jpg 570w, https:\/\/www.vonameland.de\/wp-content\/uploads\/2025\/10\/Werbeplakat-Sommertraum-2026.jpg 848w\" sizes=\"auto, (max-width: 724px) 100vw, 724px\" \/><\/figure>\n","protected":false},"excerpt":{"rendered":"<p>F\u00fcr Teilnehmende und Eltern &#8211; hier findet ihr alle wichtigen Termine und Dokumente zur kommenden Ferienfreizeit vom 01. bis 15. August 2026! 02. November Nachtreffen 2025 + Anmeldung 2026Walburgahaus Werl 10-11 Uhr Nachtreffen mit R\u00fcckblick auf den Sommer f\u00fcr die Teilnehmenden + Familieab 11 Uhr Anmeldung f\u00fcr die Ferienfreizeit Ameland 2026 vor Ort online Ameland [&hellip;]<\/p>\n","protected":false},"author":1,"featured_media":10874,"parent":0,"menu_order":0,"comment_status":"closed","ping_status":"closed","template":"","meta":{"ngg_post_thumbnail":0,"footnotes":""},"class_list":["post-10881","page","type-page","status-publish","has-post-thumbnail","czr-hentry"],"_links":{"self":[{"href":"https:\/\/www.vonameland.de\/index.php\/wp-json\/wp\/v2\/pages\/10881","targetHints":{"allow":["GET"]}}],"collection":[{"href":"https:\/\/www.vonameland.de\/index.php\/wp-json\/wp\/v2\/pages"}],"about":[{"href":"https:\/\/www.vonameland.de\/index.php\/wp-json\/wp\/v2\/types\/page"}],"author":[{"embeddable":true,"href":"https:\/\/www.vonameland.de\/index.php\/wp-json\/wp\/v2\/users\/1"}],"replies":[{"embeddable":true,"href":"https:\/\/www.vonameland.de\/index.php\/wp-json\/wp\/v2\/comments?post=10881"}],"version-history":[{"count":53,"href":"https:\/\/www.vonameland.de\/index.php\/wp-json\/wp\/v2\/pages\/10881\/revisions"}],"predecessor-version":[{"id":12776,"href":"https:\/\/www.vonameland.de\/index.php\/wp-json\/wp\/v2\/pages\/10881\/revisions\/12776"}],"wp:featuredmedia":[{"embeddable":true,"href":"https:\/\/www.vonameland.de\/index.php\/wp-json\/wp\/v2\/media\/10874"}],"wp:attachment":[{"href":"https:\/\/www.vonameland.de\/index.php\/wp-json\/wp\/v2\/media?parent=10881"}],"curies":[{"name":"wp","href":"https:\/\/api.w.org\/{rel}","templated":true}]}}