{"id":38,"date":"2021-08-23T13:51:10","date_gmt":"2021-08-23T11:51:10","guid":{"rendered":"https:\/\/neu2.vonameland.de\/?page_id=38"},"modified":"2025-07-28T13:38:08","modified_gmt":"2025-07-28T11:38:08","slug":"das-macht-uns-aus","status":"publish","type":"page","link":"https:\/\/www.vonameland.de\/index.php\/das-macht-uns-aus\/","title":{"rendered":"Unser Konzept"},"content":{"rendered":"\n<p>Wir sind eine Ferienfreizeit, die Spiel, Spa\u00df, Abenteuer und Erholung bietet. Dem Team hinter der Ferienfreizeit, auch das \u201eTeam-Orange\u201c genannt, liegt es am Herzen die Teilnehmenden mit abwechslungsreichen Programmpunkten zu unterhalten.&nbsp;<\/p>\n\n\n\n<p>Uns ist es wichtig, eine Lagergemeinschaft zu schaffen, in der sich jedes Kind wohlf\u00fchlt!<\/p>\n\n\n\n<p>Durch verschiedene Aktivit\u00e4ten wird das Gemeinschaftsgef\u00fchl best\u00e4rkt. Dies geschieht zum einen durch Klein- und Gro\u00dfgruppenspiele, die Treckerfahrt am Strand mit Lagerfeuer oder Hobbygruppen mit kreativen, sportlichen und weiteren tollen Angeboten. Zum Anderen auch durch die \u00dcbernahme von Aufgaben im Lagerleben wie zum Beispiel dem Putz- oder Sp\u00fcldienst in Kleingruppen. Dabei ist uns wichtig die Selbstst\u00e4ndigkeit und R\u00fccksichtnahme zu f\u00f6rdern.<\/p>\n\n\n\n<p>Innerhalb der Freizeit entstehen regelm\u00e4\u00dfig neue, nachhaltige Freundschaften, die auch \u00fcber die Ferienfreizeit hinausgehen. So begleiten uns viele Gesichter bereits seit mehreren Jahren. Die Teilnehmenden wachsen so auch mit der Freizeit und in unser Leiterteam hinein.&nbsp;<\/p>\n\n\n\n<h4 class=\"wp-block-heading\">Werte<\/h4>\n\n\n\n<p>Durch unseren kirchlichen Tr\u00e4ger sind uns unteranderem die christlichen Werte wichtig. So nehmen wir am Wochenende am Gottesdienstangebot des Pastoralteams vom katholischen Ferienwerk Ameland teil. Diese finden oftmals am Strand, auf unserer Wiese oder in der St. Clemens Kerk in Nes statt.&nbsp;<\/p>\n\n\n\n<p>Allerdings ist uns auch die soziale Kompetenz der Teilnehmenden wichtig, sowie die freie Entfaltung und Selbstbestimmung. Neben den Aktivit\u00e4ten in der gro\u00dfen Gruppe, k\u00f6nnen die Kinder aus verschiedenen Angeboten ausw\u00e4hlen und ihren Interessen nachgehen.&nbsp;<\/p>\n\n\n\n<p>Damit dem nichts im Wege steht, gilt f\u00fcr die Teilnehmenden ein Verbot von Smartphones. Wir wollen die Zeit im gemeinsamen Miteinander genie\u00dfen und uns nicht von sozialen Netzwerken oder \u00c4hnlichem ablenken lassen. In den letzten Jahren hat sich dieses System bew\u00e4hrt. Au\u00dferdem ist die Freude \u00fcber eine Nachricht im Radio Ameland&nbsp;so noch viel gr\u00f6\u00dfer.&nbsp;<\/p>\n\n\n\n<h4 class=\"wp-block-heading\">Historie<\/h4>\n\n\n\n<p>1999 &amp; 2000 fand bereits die Ferienfreizeit der St. Walburga Werl statt. Damals war Jan Schneider bereits als Gruppenleiter im Team. Alexandra Falkenau fuhr als Teilnehmerin mit. Die Freizeit wurde nach den beiden Jahren leider eingestellt.<\/p>\n\n\n\n<p>2008 kam auf dem Sch\u00fctzenfest Werl das Thema Ameland auf den Tisch und am selben Wochenende wurde die Idee geboren, die Ferienfreizeit neu aufleben zu lassen. Gesagt, getan &#8211; Alexandra Falkenau und Jan Schneider leiteten alles in die Wege. Die Pl\u00e4tze waren schnell gef\u00fcllt und so ging es im Folgejahr auf die niederl\u00e4ndische Insel in den Ort Buren. <\/p>\n\n\n\n<h4 class=\"wp-block-heading\">Mottojahre<\/h4>\n\n\n\n<ul class=\"wp-block-list\">\n<li>2009: Wallis Minis<\/li>\n\n\n\n<li>2010:&nbsp;Ameland 2010<\/li>\n\n\n\n<li>2011: Hakuna Matata<\/li>\n\n\n\n<li>2012: Olympia<\/li>\n\n\n\n<li>2013: Hardrock Ameland<\/li>\n\n\n\n<li>2014: Ameland Airlines<\/li>\n\n\n\n<li>2015: Ameland Boulevard<\/li>\n\n\n\n<li>2016: Beach Club Boere Zwaluf Ameland<\/li>\n\n\n\n<li>2017: Zeitreise \u2013 Das Spiel mit der Zeit<\/li>\n\n\n\n<li>2018: Jubil\u00e4umsjahr \u2013 10 Jahre Ameland<\/li>\n\n\n\n<li>2019: Akademie der magischen K\u00fcnste<\/li>\n\n\n\n<li>2022: Ameland Ahoi \u2013 Die Insel ruft<\/li>\n\n\n\n<li>2023: Een jaar op Ameland<\/li>\n\n\n\n<li>2024: Zirkus Sommertraum<\/li>\n\n\n\n<li>2025: ?? pssst &#8211; noch geheim!<\/li>\n<\/ul>\n","protected":false},"excerpt":{"rendered":"<p>Wir sind eine Ferienfreizeit, die Spiel, Spa\u00df, Abenteuer und Erholung bietet. Dem Team hinter der Ferienfreizeit, auch das \u201eTeam-Orange\u201c genannt, liegt es am Herzen die Teilnehmenden mit abwechslungsreichen Programmpunkten zu unterhalten.&nbsp; Uns ist es wichtig, eine Lagergemeinschaft zu schaffen, in der sich jedes Kind wohlf\u00fchlt! Durch verschiedene Aktivit\u00e4ten wird das Gemeinschaftsgef\u00fchl best\u00e4rkt. Dies geschieht zum [&hellip;]<\/p>\n","protected":false},"author":1,"featured_media":9589,"parent":0,"menu_order":0,"comment_status":"closed","ping_status":"closed","template":"","meta":{"ngg_post_thumbnail":0,"footnotes":""},"class_list":["post-38","page","type-page","status-publish","has-post-thumbnail","czr-hentry"],"_links":{"self":[{"href":"https:\/\/www.vonameland.de\/index.php\/wp-json\/wp\/v2\/pages\/38","targetHints":{"allow":["GET"]}}],"collection":[{"href":"https:\/\/www.vonameland.de\/index.php\/wp-json\/wp\/v2\/pages"}],"about":[{"href":"https:\/\/www.vonameland.de\/index.php\/wp-json\/wp\/v2\/types\/page"}],"author":[{"embeddable":true,"href":"https:\/\/www.vonameland.de\/index.php\/wp-json\/wp\/v2\/users\/1"}],"replies":[{"embeddable":true,"href":"https:\/\/www.vonameland.de\/index.php\/wp-json\/wp\/v2\/comments?post=38"}],"version-history":[{"count":14,"href":"https:\/\/www.vonameland.de\/index.php\/wp-json\/wp\/v2\/pages\/38\/revisions"}],"predecessor-version":[{"id":12381,"href":"https:\/\/www.vonameland.de\/index.php\/wp-json\/wp\/v2\/pages\/38\/revisions\/12381"}],"wp:featuredmedia":[{"embeddable":true,"href":"https:\/\/www.vonameland.de\/index.php\/wp-json\/wp\/v2\/media\/9589"}],"wp:attachment":[{"href":"https:\/\/www.vonameland.de\/index.php\/wp-json\/wp\/v2\/media?parent=38"}],"curies":[{"name":"wp","href":"https:\/\/api.w.org\/{rel}","templated":true}]}}